{"id":11369,"date":"2025-02-05T07:50:10","date_gmt":"2025-02-05T07:50:10","guid":{"rendered":"https:\/\/ultbit.com\/m2campercorporativa\/?page_id=11369"},"modified":"2025-03-19T10:06:55","modified_gmt":"2025-03-19T10:06:55","slug":"aviso-legal","status":"publish","type":"page","link":"https:\/\/m2camper.es\/fr\/aviso-legal\/","title":{"rendered":"Mentions l\u00e9gales"},"content":{"rendered":"<div data-elementor-type=\"wp-page\" data-elementor-id=\"11369\" class=\"elementor elementor-11369\" data-elementor-post-type=\"page\">\n\t\t\t\t<div class=\"elementor-element elementor-element-0d6da8e e-flex e-con-boxed e-con e-parent\" data-id=\"0d6da8e\" data-element_type=\"container\" data-settings=\"{&quot;background_background&quot;:&quot;classic&quot;}\">\n\t\t\t\t\t<div class=\"e-con-inner\">\n\t\t\t\t<div class=\"elementor-element elementor-element-73c0c43 elementor-widget elementor-widget-heading\" data-id=\"73c0c43\" data-element_type=\"widget\" data-widget_type=\"heading.default\">\n\t\t\t\t<div class=\"elementor-widget-container\">\n\t\t\t\t\t<h2 class=\"elementor-heading-title elementor-size-default\">Mentions l\u00e9gales<\/h2>\t\t\t\t<\/div>\n\t\t\t\t<\/div>\n\t\t\t\t<div class=\"elementor-element elementor-element-3f8d708 elementor-widget elementor-widget-text-editor\" data-id=\"3f8d708\" data-element_type=\"widget\" data-widget_type=\"text-editor.default\">\n\t\t\t\t<div class=\"elementor-widget-container\">\n\t\t\t\t\t\t\t\t\t<p>Responsable du traitement des donn\u00e9es<br>Conform\u00e9ment au devoir d&#039;information \u00e9tabli par la loi 34\/2002, du 11 juillet, sur les services de la soci\u00e9t\u00e9 de l&#039;information et du commerce \u00e9lectronique, nous vous informons que ce site Web est la propri\u00e9t\u00e9 de :<\/p>\n<p>Site Web : https:\/\/www.m2camper.com\/<br>Nom : MERCEDES LOPEZ ALBIAR<br>NIF : 46044762G<br>Adresse : Calle Numancia, 30 \u2013 08184 \u2013 PALAU-SOLIT\u00c0 i PLEGAMANS \u2013 BARCELONE<br>T\u00e9l\u00e9phone: <span style=\"color: #000000;\"><a style=\"color: #000000;\" href=\"tel:640601500\">640 601 500<\/a><\/span><br>Mail: <a href=\"mailto:m2camper@gmail.com\" data-auto-recognition=\"true\"><span style=\"color: #000000;\">m2camper@gmail.com<\/span><\/a><\/p>\n<p>Objet<br>Le Responsable met ce document \u00e0 la disposition des utilisateurs dans le but de se conformer aux dispositions de la r\u00e9glementation en vigueur en mati\u00e8re de protection des donn\u00e9es, et dans le cadre du nouveau cadre r\u00e9glementaire \u00e9tabli en vertu des dispositions du R\u00e8glement (UE) 2016\/679 du Parlement europ\u00e9en et du Conseil du 27 avril 2016 relatif \u00e0 la protection des personnes physiques \u00e0 l&#039;\u00e9gard du traitement des donn\u00e9es \u00e0 caract\u00e8re personnel et \u00e0 la libre circulation de ces donn\u00e9es (ci-apr\u00e8s, le \u00ab RGPD \u00bb), et des r\u00e9glementations nationales en mati\u00e8re de protection des donn\u00e9es \u00e0 caract\u00e8re personnel, ainsi que d&#039;informer tous les utilisateurs du site Web sur les conditions d&#039;utilisation de celui-ci.<\/p>\n<p>Toute personne acc\u00e9dant \u00e0 ce site Web assume le r\u00f4le d&#039;utilisateur et s&#039;engage \u00e0 observer et \u00e0 respecter strictement les dispositions \u00e9nonc\u00e9es dans les pr\u00e9sentes, ainsi que toutes autres dispositions l\u00e9gales applicables.<\/p>\n<p>Le Responsable se r\u00e9serve le droit de modifier tout type d&#039;informations pouvant appara\u00eetre sur le site Web, sans aucune obligation de notifier ou d&#039;informer les utilisateurs de ces obligations, la publication sur le site Web du Responsable \u00e9tant consid\u00e9r\u00e9e comme suffisante.<\/p>\n<p>Responsabilit\u00e9<br>Le Responsable d\u00e9cline toute responsabilit\u00e9 d\u00e9coulant des informations publi\u00e9es sur son site Web, \u00e0 condition que ces informations aient \u00e9t\u00e9 manipul\u00e9es ou saisies par un tiers autre que le Responsable.<\/p>\n<p>adresses IP<br>Les serveurs du site Web pourront d\u00e9tecter automatiquement l&#039;adresse IP et le nom de domaine utilis\u00e9s par l&#039;utilisateur.<\/p>\n<p>Une adresse IP est un num\u00e9ro attribu\u00e9 automatiquement \u00e0 un ordinateur lorsqu&#039;il se connecte \u00e0 Internet. Toutes ces informations sont enregistr\u00e9es dans un fichier d&#039;activit\u00e9 du serveur d\u00fbment enregistr\u00e9, ce qui permet un traitement ult\u00e9rieur des donn\u00e9es pour obtenir des mesures purement statistiques qui nous permettent de conna\u00eetre le nombre d&#039;impressions de pages, le nombre de visites effectu\u00e9es sur les serveurs Web, l&#039;ordre des visites, le point d&#039;acc\u00e8s, etc.<\/p>\n<p>Politique relative aux liens<br>\u00c0 partir de ce site Web, vous pouvez \u00eatre redirig\u00e9 vers du contenu de sites Web tiers. \u00c9tant donn\u00e9 que le Responsable du traitement ne peut pas toujours contr\u00f4ler le contenu publi\u00e9 par des tiers sur ses sites Web, il n\u2019assume aucune responsabilit\u00e9 quant \u00e0 ce contenu. Dans tous les cas, le Responsable d\u00e9clare qu&#039;il supprimera imm\u00e9diatement tout contenu susceptible de violer la l\u00e9gislation nationale ou internationale, la morale ou l&#039;ordre public, et supprimera imm\u00e9diatement la redirection vers ce site Web et informera les autorit\u00e9s comp\u00e9tentes du contenu en question.<\/p>\n<p>Le Responsable du traitement n&#039;est pas responsable des informations et du contenu stock\u00e9s, y compris, mais sans s&#039;y limiter, les forums, les chats, les g\u00e9n\u00e9rateurs de blogs, les commentaires, les r\u00e9seaux sociaux ou tout autre moyen permettant \u00e0 des tiers de publier ind\u00e9pendamment du contenu sur le site Web du Responsable du traitement. Toutefois, et conform\u00e9ment aux dispositions de l&#039;art. 11 et 16 de la LSSICE, le Responsable se met \u00e0 la disposition de tous les utilisateurs, autorit\u00e9s et forces de s\u00e9curit\u00e9, en collaborant activement \u00e0 la suppression ou, le cas \u00e9ch\u00e9ant, au blocage de tout contenu susceptible d&#039;affecter ou de contrevenir \u00e0 la l\u00e9gislation nationale ou internationale, aux droits de tiers ou \u00e0 la morale et \u00e0 l&#039;ordre public. Dans le cas o\u00f9 l&#039;utilisateur consid\u00e8re qu&#039;il existe un contenu sur le site Web qui pourrait \u00eatre susceptible de cette classification,<\/p>\n<p>Ce site Web a \u00e9t\u00e9 examin\u00e9 et test\u00e9 pour garantir son bon fonctionnement. En principe, le bon fonctionnement peut \u00eatre garanti 365 jours par an, 24 heures sur 24. Toutefois, le Responsable n&#039;exclut pas la possibilit\u00e9 de certaines erreurs de programmation, ou qu&#039;elles puissent devenir des causes de force majeure, de catastrophes naturelles, de gr\u00e8ves ou de circonstances similaires rendant l&#039;acc\u00e8s au site Web impossible.<\/p>\n<p>Protection des donn\u00e9es<br>Le Responsable du traitement est profond\u00e9ment engag\u00e9 \u00e0 respecter les dispositions de la r\u00e9glementation en vigueur en mati\u00e8re de protection des donn\u00e9es, et dans le cadre du nouveau cadre r\u00e9glementaire \u00e9tabli en vertu des dispositions du R\u00e8glement (UE) 2016\/679 du Parlement europ\u00e9en et du Conseil, du 27 avril 2016, relatif \u00e0 la protection des personnes physiques \u00e0 l&#039;\u00e9gard du traitement des donn\u00e9es \u00e0 caract\u00e8re personnel et \u00e0 la libre circulation de ces donn\u00e9es (ci-apr\u00e8s, le RGPD), et des r\u00e9glementations nationales en mati\u00e8re de protection des donn\u00e9es \u00e0 caract\u00e8re personnel.<\/p>\n<p>De m\u00eame, le Responsable informe qu&#039;il se conforme \u00e0 la loi 34\/2002 du 11 juillet, sur les services de la soci\u00e9t\u00e9 de l&#039;information et du commerce \u00e9lectronique, et demandera \u00e0 tout moment votre consentement pour traiter vos donn\u00e9es \u00e0 des fins commerciales.<\/p>\n<p>Propri\u00e9t\u00e9 intellectuelle et industrielle<br>Le site Web, y compris, mais sans s&#039;y limiter, sa programmation, son \u00e9dition, sa compilation et d&#039;autres \u00e9l\u00e9ments n\u00e9cessaires \u00e0 son fonctionnement, ses conceptions, logos, textes et\/ou graphiques sont la propri\u00e9t\u00e9 du Responsable ou, le cas \u00e9ch\u00e9ant, disposent d&#039;une licence ou d&#039;une autorisation expresse des auteurs.<\/p>\n<p>Tous les contenus du site Web sont d\u00fbment prot\u00e9g\u00e9s par la r\u00e9glementation sur la propri\u00e9t\u00e9 intellectuelle et industrielle.<\/p>\n<p>Quelle que soit la finalit\u00e9 poursuivie, la reproduction, l&#039;utilisation, l&#039;exploitation, la distribution et la commercialisation, en tout ou en partie, n\u00e9cessitent toujours l&#039;autorisation \u00e9crite pr\u00e9alable du Responsable. Toute utilisation non pr\u00e9alablement autoris\u00e9e par le responsable sera consid\u00e9r\u00e9e comme une violation grave des droits de propri\u00e9t\u00e9 intellectuelle ou industrielle de l&#039;auteur.<\/p>\n<p>Tous les dessins, logos, textes et\/ou graphiques n&#039;appartenant pas au pr\u00eateur et pouvant appara\u00eetre sur le site Web appartiennent \u00e0 leurs propri\u00e9taires respectifs, qui sont responsables de tout litige pouvant survenir \u00e0 leur sujet. Dans tous les cas, le Responsable dispose de l&#039;autorisation expresse et pr\u00e9alable de celui-ci.<\/p>\n<p>Le Responsable autorise express\u00e9ment les tiers \u00e0 rediriger directement vers un contenu sp\u00e9cifique du site Web et, dans tous les cas, ils doivent rediriger vers la page principale du site Web du Responsable.<\/p>\n<p>Le Responsable reconna\u00eet les droits de propri\u00e9t\u00e9 intellectuelle et industrielle correspondants en faveur de leurs titulaires, et leur simple mention ou apparition sur le site Web n&#039;implique pas l&#039;existence de droits ou de responsabilit\u00e9 du Responsable sur ces droits, ni n&#039;implique un soutien, un parrainage ou une recommandation de leur part.<\/p>\n<p>Pour toutes les images o\u00f9 le logiciel de conception le permet, les r\u00e9f\u00e9rences correspondantes \u00e0 la paternit\u00e9 et \u00e0 la licence correspondante ont \u00e9t\u00e9 incluses.<\/p>\n<p>Pour faire tout type d&#039;observation concernant d&#039;\u00e9ventuelles violations des droits de propri\u00e9t\u00e9 intellectuelle ou industrielle, ainsi que de tout contenu du site Web, vous pouvez le faire via l&#039;adresse e-mail suivante :&nbsp;<a style=\"text-align: var(--text-align); font-family: var( --e-global-typography-b2ce6af-font-family ), Sans-serif; font-size: var( --e-global-typography-b2ce6af-font-size ); font-style: var( --e-global-typography-b2ce6af-font-style ); font-weight: var( --e-global-typography-b2ce6af-font-weight ); letter-spacing: var(--bodyletterspacing); text-transform: var( --e-global-typography-b2ce6af-text-transform );\" href=\"mailto:m2camper@gmail.com\" data-auto-recognition=\"true\">m2camper@gmail.com<\/a><\/p>\t\t\t\t\t\t\t\t<\/div>\n\t\t\t\t<\/div>\n\t\t\t\t\t<\/div>\n\t\t\t\t<\/div>\n\t\t\t\t<\/div>","protected":false},"excerpt":{"rendered":"<p>Aviso legal Responsable del tratamiento de los datosEn cumplimiento del deber de informaci\u00f3n que establece la Ley La 34\/2002, de 11 de julio, de Servicios de la Sociedad de la Informaci\u00f3n y del Comercio Electr\u00f3nico, le comunicamos que esta web es titularidad de: Web: https:\/\/www.m2camper.com\/Nombre: MERCEDES LOPEZ ALBIARNIF: 46044762GDirecci\u00f3n: Calle Numancia, 30&nbsp; &#8211;&nbsp; &nbsp;08184 \u2013&hellip;&nbsp;<a href=\"https:\/\/m2camper.es\/fr\/aviso-legal\/\" rel=\"bookmark\"><span class=\"screen-reader-text\">Mentions l\u00e9gales<\/span><\/a><\/p>","protected":false},"author":5740,"featured_media":0,"parent":0,"menu_order":0,"comment_status":"closed","ping_status":"closed","template":"page-templates\/template-pagebuilder-full-width.php","meta":{"neve_meta_sidebar":"","neve_meta_container":"","neve_meta_enable_content_width":"off","neve_meta_content_width":100,"neve_meta_title_alignment":"","neve_meta_author_avatar":"","neve_post_elements_order":"","neve_meta_disable_header":"","neve_meta_disable_footer":"","neve_meta_disable_title":"","footnotes":""},"class_list":["post-11369","page","type-page","status-publish","hentry"],"yoast_head":"<!-- This site is optimized with the Yoast SEO plugin v24.8.1 - https:\/\/yoast.com\/wordpress\/plugins\/seo\/ -->\n<title>Aviso Legal - M2 Campers | Aislantes t\u00e9rmicos y oscurecedores para campers<\/title>\n<meta name=\"robots\" content=\"index, follow, max-snippet:-1, max-image-preview:large, max-video-preview:-1\" \/>\n<link rel=\"canonical\" href=\"https:\/\/m2camper.es\/fr\/aviso-legal\/\" \/>\n<meta property=\"og:locale\" content=\"fr_FR\" \/>\n<meta property=\"og:type\" content=\"article\" \/>\n<meta property=\"og:title\" content=\"Aviso Legal - M2 Campers | Aislantes t\u00e9rmicos y oscurecedores para campers\" \/>\n<meta property=\"og:description\" content=\"Aviso legal Responsable del tratamiento de los datosEn cumplimiento del deber de informaci\u00f3n que establece la Ley La 34\/2002, de 11 de julio, de Servicios de la Sociedad de la Informaci\u00f3n y del Comercio Electr\u00f3nico, le comunicamos que esta web es titularidad de: Web: https:\/\/www.m2camper.com\/Nombre: MERCEDES LOPEZ ALBIARNIF: 46044762GDirecci\u00f3n: Calle Numancia, 30&nbsp; &#8211;&nbsp; &nbsp;08184 \u2013&hellip;&nbsp;Aviso Legal\" \/>\n<meta property=\"og:url\" content=\"https:\/\/m2camper.es\/fr\/aviso-legal\/\" \/>\n<meta property=\"og:site_name\" content=\"M2 Campers | Aislantes t\u00e9rmicos y oscurecedores para campers\" \/>\n<meta property=\"article:modified_time\" content=\"2025-03-19T10:06:55+00:00\" \/>\n<meta name=\"twitter:card\" content=\"summary_large_image\" \/>\n<meta name=\"twitter:label1\" content=\"Dur\u00e9e de lecture estim\u00e9e\" \/>\n\t<meta name=\"twitter:data1\" content=\"6 minutes\" \/>\n<script type=\"application\/ld+json\" class=\"yoast-schema-graph\">{\"@context\":\"https:\/\/schema.org\",\"@graph\":[{\"@type\":\"WebPage\",\"@id\":\"https:\/\/m2camper.es\/aviso-legal\/\",\"url\":\"https:\/\/m2camper.es\/aviso-legal\/\",\"name\":\"Aviso Legal - M2 Campers | Aislantes t\u00e9rmicos y oscurecedores para campers\",\"isPartOf\":{\"@id\":\"https:\/\/m2camper.es\/#website\"},\"datePublished\":\"2025-02-05T07:50:10+00:00\",\"dateModified\":\"2025-03-19T10:06:55+00:00\",\"breadcrumb\":{\"@id\":\"https:\/\/m2camper.es\/aviso-legal\/#breadcrumb\"},\"inLanguage\":\"fr-FR\",\"potentialAction\":[{\"@type\":\"ReadAction\",\"target\":[\"https:\/\/m2camper.es\/aviso-legal\/\"]}]},{\"@type\":\"BreadcrumbList\",\"@id\":\"https:\/\/m2camper.es\/aviso-legal\/#breadcrumb\",\"itemListElement\":[{\"@type\":\"ListItem\",\"position\":1,\"name\":\"Portada\",\"item\":\"https:\/\/m2camper.es\/\"},{\"@type\":\"ListItem\",\"position\":2,\"name\":\"Aviso Legal\"}]},{\"@type\":\"WebSite\",\"@id\":\"https:\/\/m2camper.es\/#website\",\"url\":\"https:\/\/m2camper.es\/\",\"name\":\"M2 Campers | Aislantes t\u00e9rmicos y oscurecedores para campers\",\"description\":\"Descubre calidad y confort de nuestros aislantes t\u00e9rmicos oscurecedores y colchones para veh\u00edculos. Optimiza tu experiencia en carretera con M2 Camper.\",\"potentialAction\":[{\"@type\":\"SearchAction\",\"target\":{\"@type\":\"EntryPoint\",\"urlTemplate\":\"https:\/\/m2camper.es\/?s={search_term_string}\"},\"query-input\":{\"@type\":\"PropertyValueSpecification\",\"valueRequired\":true,\"valueName\":\"search_term_string\"}}],\"inLanguage\":\"fr-FR\"}]}<\/script>\n<!-- \/ Yoast SEO plugin. -->","yoast_head_json":{"title":"Aviso Legal - M2 Campers | Aislantes t\u00e9rmicos y oscurecedores para campers","robots":{"index":"index","follow":"follow","max-snippet":"max-snippet:-1","max-image-preview":"max-image-preview:large","max-video-preview":"max-video-preview:-1"},"canonical":"https:\/\/m2camper.es\/fr\/aviso-legal\/","og_locale":"fr_FR","og_type":"article","og_title":"Aviso Legal - M2 Campers | Aislantes t\u00e9rmicos y oscurecedores para campers","og_description":"Aviso legal Responsable del tratamiento de los datosEn cumplimiento del deber de informaci\u00f3n que establece la Ley La 34\/2002, de 11 de julio, de Servicios de la Sociedad de la Informaci\u00f3n y del Comercio Electr\u00f3nico, le comunicamos que esta web es titularidad de: Web: https:\/\/www.m2camper.com\/Nombre: MERCEDES LOPEZ ALBIARNIF: 46044762GDirecci\u00f3n: Calle Numancia, 30&nbsp; &#8211;&nbsp; &nbsp;08184 \u2013&hellip;&nbsp;Aviso Legal","og_url":"https:\/\/m2camper.es\/fr\/aviso-legal\/","og_site_name":"M2 Campers | Aislantes t\u00e9rmicos y oscurecedores para campers","article_modified_time":"2025-03-19T10:06:55+00:00","twitter_card":"summary_large_image","twitter_misc":{"Dur\u00e9e de lecture estim\u00e9e":"6 minutes"},"schema":{"@context":"https:\/\/schema.org","@graph":[{"@type":"WebPage","@id":"https:\/\/m2camper.es\/aviso-legal\/","url":"https:\/\/m2camper.es\/aviso-legal\/","name":"Aviso Legal - M2 Campers | Aislantes t\u00e9rmicos y oscurecedores para campers","isPartOf":{"@id":"https:\/\/m2camper.es\/#website"},"datePublished":"2025-02-05T07:50:10+00:00","dateModified":"2025-03-19T10:06:55+00:00","breadcrumb":{"@id":"https:\/\/m2camper.es\/aviso-legal\/#breadcrumb"},"inLanguage":"fr-FR","potentialAction":[{"@type":"ReadAction","target":["https:\/\/m2camper.es\/aviso-legal\/"]}]},{"@type":"BreadcrumbList","@id":"https:\/\/m2camper.es\/aviso-legal\/#breadcrumb","itemListElement":[{"@type":"ListItem","position":1,"name":"Portada","item":"https:\/\/m2camper.es\/"},{"@type":"ListItem","position":2,"name":"Aviso Legal"}]},{"@type":"WebSite","@id":"https:\/\/m2camper.es\/#website","url":"https:\/\/m2camper.es\/","name":"M2 Campers | Aislantes t\u00e9rmicos y oscurecedores para campers","description":"Descubre calidad y confort de nuestros aislantes t\u00e9rmicos oscurecedores y colchones para veh\u00edculos. Optimiza tu experiencia en carretera con M2 Camper.","potentialAction":[{"@type":"SearchAction","target":{"@type":"EntryPoint","urlTemplate":"https:\/\/m2camper.es\/?s={search_term_string}"},"query-input":{"@type":"PropertyValueSpecification","valueRequired":true,"valueName":"search_term_string"}}],"inLanguage":"fr-FR"}]}},"_links":{"self":[{"href":"https:\/\/m2camper.es\/fr\/wp-json\/wp\/v2\/pages\/11369","targetHints":{"allow":["GET"]}}],"collection":[{"href":"https:\/\/m2camper.es\/fr\/wp-json\/wp\/v2\/pages"}],"about":[{"href":"https:\/\/m2camper.es\/fr\/wp-json\/wp\/v2\/types\/page"}],"author":[{"embeddable":true,"href":"https:\/\/m2camper.es\/fr\/wp-json\/wp\/v2\/users\/5740"}],"replies":[{"embeddable":true,"href":"https:\/\/m2camper.es\/fr\/wp-json\/wp\/v2\/comments?post=11369"}],"version-history":[{"count":25,"href":"https:\/\/m2camper.es\/fr\/wp-json\/wp\/v2\/pages\/11369\/revisions"}],"predecessor-version":[{"id":11736,"href":"https:\/\/m2camper.es\/fr\/wp-json\/wp\/v2\/pages\/11369\/revisions\/11736"}],"wp:attachment":[{"href":"https:\/\/m2camper.es\/fr\/wp-json\/wp\/v2\/media?parent=11369"}],"curies":[{"name":"wp","href":"https:\/\/api.w.org\/{rel}","templated":true}]}}