{"id":11374,"date":"2025-02-05T07:51:31","date_gmt":"2025-02-05T07:51:31","guid":{"rendered":"https:\/\/ultbit.com\/m2campercorporativa\/?page_id=11374"},"modified":"2025-03-18T13:05:33","modified_gmt":"2025-03-18T13:05:33","slug":"politica-de-privacidad","status":"publish","type":"page","link":"https:\/\/m2camper.es\/en\/politica-de-privacidad\/","title":{"rendered":"Privacy Policy"},"content":{"rendered":"<div data-elementor-type=\"wp-page\" data-elementor-id=\"11374\" class=\"elementor elementor-11374\" data-elementor-post-type=\"page\">\n\t\t\t\t<div class=\"elementor-element elementor-element-4673674 e-flex e-con-boxed e-con e-parent\" data-id=\"4673674\" data-element_type=\"container\" data-settings=\"{&quot;background_background&quot;:&quot;classic&quot;}\">\n\t\t\t\t\t<div class=\"e-con-inner\">\n\t\t\t\t<div class=\"elementor-element elementor-element-4cf9e3d elementor-widget elementor-widget-heading\" data-id=\"4cf9e3d\" data-element_type=\"widget\" data-widget_type=\"heading.default\">\n\t\t\t\t<div class=\"elementor-widget-container\">\n\t\t\t\t\t<h2 class=\"elementor-heading-title elementor-size-default\">Privacy Policy\n<\/h2>\t\t\t\t<\/div>\n\t\t\t\t<\/div>\n\t\t\t\t<div class=\"elementor-element elementor-element-a2098f5 elementor-widget elementor-widget-text-editor\" data-id=\"a2098f5\" data-element_type=\"widget\" data-widget_type=\"text-editor.default\">\n\t\t\t\t<div class=\"elementor-widget-container\">\n\t\t\t\t\t\t\t\t\t<p>1.- Information to the user<br \/>The website informs website users about its policy regarding the processing and protection of personal data of users and customers that may be requested when browsing its website.<\/p><p>The website is responsible for the processing of the user&#039;s personal data, and therefore the following information is provided regarding the processing of your data:<\/p><p>Data retention criteria: The personal data provided will be retained until the interested party requests its suspension, exercising their rights over the data, and in any case in compliance with the legal limitation periods that apply to them.<\/p><p>Rights of interested parties:<\/p><p>Right to withdraw your consent at any time.<br \/>The right to access, rectify, erase, and transfer your data, as well as to limit or oppose its processing, as well as to not be subject to automated individual decisions.<br \/>Contact details to exercise your rights:<\/p><p>You must properly identify yourself and clearly request the right to exercise.<\/p><p>Web: https:\/\/www.m2camper.com\/<br \/>Company: MERCEDES LOPEZ ALBIAR<br \/>Responsible: Mercedes and Maribel<br \/>NIF: 46335410R<br \/>Address: Numancia, 30<br \/>Postal Code and City: 08184 Barcelona (Barcelona)<br \/>Mail: <span style=\"color: #000000;\"><a style=\"color: #000000;\" href=\"mailto:m2camper@gmail.com\">m2camper@gmail.com<\/a><\/span><br \/>Phone: <span style=\"color: #000000;\"><a style=\"color: #000000;\" href=\"tel:640601500\">640601500<\/a><\/span><\/p><p>2.- Information provided by the user<br \/>If you are under 18 years of age, you are not permitted to use forms on our website.<\/p><p>By entering their data in the contact forms or submitting their information in download forms, Users expressly, freely, and unequivocally accept that their data is necessary for the Controller to process their request. The inclusion of data in the remaining fields is voluntary.<\/p><p>The User guarantees that the personal data provided is true and is responsible for communicating any changes.<\/p><p>All data requested through the website is necessary to provide the User with an optimal service. If not all data is provided, there is no guarantee that the information and services provided by the Controller will be fully tailored to their needs.<\/p><p>3.- Security measures<br \/>That in accordance with the provisions of current regulations on personal data protection, the Controller is complying with all provisions of the GDPR and LOPD regulations for the processing of personal data under its responsibility, which are processed lawfully, fairly, and transparently in relation to the data subject and are adequate, relevant, and limited to what is necessary in relation to the purposes for which they are processed.<\/p><p>The Controller guarantees that it has implemented appropriate technical and organizational policies to apply the security measures established by the GDPR and the LOPD to protect the rights and freedoms of Users and has provided them with the appropriate information so they can exercise them.<\/p><p>4.- Security breaches<br \/>The Controller will report any security breach affecting the database used by this website, or any of our third-party services, to each and every person, data of whom may have been affected, and to the authorities within 72 hours of detecting the breach.<\/p><p>Applicable legislation and jurisdiction<br \/>For the resolution of all disputes or issues related to this website or the activities carried out hereon, Spanish law shall apply, to which the parties expressly submit. The Courts and Tribunals of Barcelona shall have jurisdiction to resolve all conflicts arising from or related to its use.<\/p>\t\t\t\t\t\t\t\t<\/div>\n\t\t\t\t<\/div>\n\t\t\t\t\t<\/div>\n\t\t\t\t<\/div>\n\t\t\t\t<\/div>","protected":false},"excerpt":{"rendered":"<p>Pol\u00edtica de privacidad 1.- Informaci\u00f3n al usuarioEl sitio web informa a los usuarios del sitio web sobre su pol\u00edtica respecto al tratamiento y protecci\u00f3n de los datos de car\u00e1cter personal de los usuarios y clientes que puedan ser solicitados por la navegaci\u00f3n a trav\u00e9s de su sitio web. El sitio web es el Responsable del&hellip;&nbsp;<a href=\"https:\/\/m2camper.es\/en\/politica-de-privacidad\/\" rel=\"bookmark\"><span class=\"screen-reader-text\">Privacy Policy<\/span><\/a><\/p>","protected":false},"author":5740,"featured_media":0,"parent":0,"menu_order":0,"comment_status":"closed","ping_status":"closed","template":"page-templates\/template-pagebuilder-full-width.php","meta":{"neve_meta_sidebar":"","neve_meta_container":"","neve_meta_enable_content_width":"off","neve_meta_content_width":100,"neve_meta_title_alignment":"","neve_meta_author_avatar":"","neve_post_elements_order":"","neve_meta_disable_header":"","neve_meta_disable_footer":"","neve_meta_disable_title":"","footnotes":""},"class_list":["post-11374","page","type-page","status-publish","hentry"],"yoast_head":"<!-- This site is optimized with the Yoast SEO plugin v24.8.1 - https:\/\/yoast.com\/wordpress\/plugins\/seo\/ -->\n<title>Pol\u00edtica de privacidad - M2 Campers | Aislantes t\u00e9rmicos y oscurecedores para campers<\/title>\n<meta name=\"robots\" content=\"index, follow, max-snippet:-1, max-image-preview:large, max-video-preview:-1\" \/>\n<link rel=\"canonical\" href=\"https:\/\/m2camper.es\/en\/politica-de-privacidad\/\" \/>\n<meta property=\"og:locale\" content=\"en_GB\" \/>\n<meta property=\"og:type\" content=\"article\" \/>\n<meta property=\"og:title\" content=\"Pol\u00edtica de privacidad - M2 Campers | Aislantes t\u00e9rmicos y oscurecedores para campers\" \/>\n<meta property=\"og:description\" content=\"Pol\u00edtica de privacidad 1.- Informaci\u00f3n al usuarioEl sitio web informa a los usuarios del sitio web sobre su pol\u00edtica respecto al tratamiento y protecci\u00f3n de los datos de car\u00e1cter personal de los usuarios y clientes que puedan ser solicitados por la navegaci\u00f3n a trav\u00e9s de su sitio web. El sitio web es el Responsable del&hellip;&nbsp;Pol\u00edtica de privacidad\" \/>\n<meta property=\"og:url\" content=\"https:\/\/m2camper.es\/en\/politica-de-privacidad\/\" \/>\n<meta property=\"og:site_name\" content=\"M2 Campers | Aislantes t\u00e9rmicos y oscurecedores para campers\" \/>\n<meta property=\"article:modified_time\" content=\"2025-03-18T13:05:33+00:00\" \/>\n<meta name=\"twitter:card\" content=\"summary_large_image\" \/>\n<meta name=\"twitter:label1\" content=\"Estimated reading time\" \/>\n\t<meta name=\"twitter:data1\" content=\"3 minutes\" \/>\n<script type=\"application\/ld+json\" class=\"yoast-schema-graph\">{\"@context\":\"https:\/\/schema.org\",\"@graph\":[{\"@type\":\"WebPage\",\"@id\":\"https:\/\/m2camper.es\/politica-de-privacidad\/\",\"url\":\"https:\/\/m2camper.es\/politica-de-privacidad\/\",\"name\":\"Pol\u00edtica de privacidad - M2 Campers | Aislantes t\u00e9rmicos y oscurecedores para campers\",\"isPartOf\":{\"@id\":\"https:\/\/m2camper.es\/#website\"},\"datePublished\":\"2025-02-05T07:51:31+00:00\",\"dateModified\":\"2025-03-18T13:05:33+00:00\",\"breadcrumb\":{\"@id\":\"https:\/\/m2camper.es\/politica-de-privacidad\/#breadcrumb\"},\"inLanguage\":\"en-GB\",\"potentialAction\":[{\"@type\":\"ReadAction\",\"target\":[\"https:\/\/m2camper.es\/politica-de-privacidad\/\"]}]},{\"@type\":\"BreadcrumbList\",\"@id\":\"https:\/\/m2camper.es\/politica-de-privacidad\/#breadcrumb\",\"itemListElement\":[{\"@type\":\"ListItem\",\"position\":1,\"name\":\"Portada\",\"item\":\"https:\/\/m2camper.es\/\"},{\"@type\":\"ListItem\",\"position\":2,\"name\":\"Pol\u00edtica de privacidad\"}]},{\"@type\":\"WebSite\",\"@id\":\"https:\/\/m2camper.es\/#website\",\"url\":\"https:\/\/m2camper.es\/\",\"name\":\"M2 Campers | Aislantes t\u00e9rmicos y oscurecedores para campers\",\"description\":\"Descubre calidad y confort de nuestros aislantes t\u00e9rmicos oscurecedores y colchones para veh\u00edculos. Optimiza tu experiencia en carretera con M2 Camper.\",\"potentialAction\":[{\"@type\":\"SearchAction\",\"target\":{\"@type\":\"EntryPoint\",\"urlTemplate\":\"https:\/\/m2camper.es\/?s={search_term_string}\"},\"query-input\":{\"@type\":\"PropertyValueSpecification\",\"valueRequired\":true,\"valueName\":\"search_term_string\"}}],\"inLanguage\":\"en-GB\"}]}<\/script>\n<!-- \/ Yoast SEO plugin. -->","yoast_head_json":{"title":"Pol\u00edtica de privacidad - M2 Campers | Aislantes t\u00e9rmicos y oscurecedores para campers","robots":{"index":"index","follow":"follow","max-snippet":"max-snippet:-1","max-image-preview":"max-image-preview:large","max-video-preview":"max-video-preview:-1"},"canonical":"https:\/\/m2camper.es\/en\/politica-de-privacidad\/","og_locale":"en_GB","og_type":"article","og_title":"Pol\u00edtica de privacidad - M2 Campers | Aislantes t\u00e9rmicos y oscurecedores para campers","og_description":"Pol\u00edtica de privacidad 1.- Informaci\u00f3n al usuarioEl sitio web informa a los usuarios del sitio web sobre su pol\u00edtica respecto al tratamiento y protecci\u00f3n de los datos de car\u00e1cter personal de los usuarios y clientes que puedan ser solicitados por la navegaci\u00f3n a trav\u00e9s de su sitio web. El sitio web es el Responsable del&hellip;&nbsp;Pol\u00edtica de privacidad","og_url":"https:\/\/m2camper.es\/en\/politica-de-privacidad\/","og_site_name":"M2 Campers | Aislantes t\u00e9rmicos y oscurecedores para campers","article_modified_time":"2025-03-18T13:05:33+00:00","twitter_card":"summary_large_image","twitter_misc":{"Estimated reading time":"3 minutes"},"schema":{"@context":"https:\/\/schema.org","@graph":[{"@type":"WebPage","@id":"https:\/\/m2camper.es\/politica-de-privacidad\/","url":"https:\/\/m2camper.es\/politica-de-privacidad\/","name":"Pol\u00edtica de privacidad - M2 Campers | Aislantes t\u00e9rmicos y oscurecedores para campers","isPartOf":{"@id":"https:\/\/m2camper.es\/#website"},"datePublished":"2025-02-05T07:51:31+00:00","dateModified":"2025-03-18T13:05:33+00:00","breadcrumb":{"@id":"https:\/\/m2camper.es\/politica-de-privacidad\/#breadcrumb"},"inLanguage":"en-GB","potentialAction":[{"@type":"ReadAction","target":["https:\/\/m2camper.es\/politica-de-privacidad\/"]}]},{"@type":"BreadcrumbList","@id":"https:\/\/m2camper.es\/politica-de-privacidad\/#breadcrumb","itemListElement":[{"@type":"ListItem","position":1,"name":"Portada","item":"https:\/\/m2camper.es\/"},{"@type":"ListItem","position":2,"name":"Pol\u00edtica de privacidad"}]},{"@type":"WebSite","@id":"https:\/\/m2camper.es\/#website","url":"https:\/\/m2camper.es\/","name":"M2 Campers | Aislantes t\u00e9rmicos y oscurecedores para campers","description":"Descubre calidad y confort de nuestros aislantes t\u00e9rmicos oscurecedores y colchones para veh\u00edculos. Optimiza tu experiencia en carretera con M2 Camper.","potentialAction":[{"@type":"SearchAction","target":{"@type":"EntryPoint","urlTemplate":"https:\/\/m2camper.es\/?s={search_term_string}"},"query-input":{"@type":"PropertyValueSpecification","valueRequired":true,"valueName":"search_term_string"}}],"inLanguage":"en-GB"}]}},"_links":{"self":[{"href":"https:\/\/m2camper.es\/en\/wp-json\/wp\/v2\/pages\/11374","targetHints":{"allow":["GET"]}}],"collection":[{"href":"https:\/\/m2camper.es\/en\/wp-json\/wp\/v2\/pages"}],"about":[{"href":"https:\/\/m2camper.es\/en\/wp-json\/wp\/v2\/types\/page"}],"author":[{"embeddable":true,"href":"https:\/\/m2camper.es\/en\/wp-json\/wp\/v2\/users\/5740"}],"replies":[{"embeddable":true,"href":"https:\/\/m2camper.es\/en\/wp-json\/wp\/v2\/comments?post=11374"}],"version-history":[{"count":19,"href":"https:\/\/m2camper.es\/en\/wp-json\/wp\/v2\/pages\/11374\/revisions"}],"predecessor-version":[{"id":11726,"href":"https:\/\/m2camper.es\/en\/wp-json\/wp\/v2\/pages\/11374\/revisions\/11726"}],"wp:attachment":[{"href":"https:\/\/m2camper.es\/en\/wp-json\/wp\/v2\/media?parent=11374"}],"curies":[{"name":"wp","href":"https:\/\/api.w.org\/{rel}","templated":true}]}}