{"id":11379,"date":"2025-02-05T07:52:50","date_gmt":"2025-02-05T07:52:50","guid":{"rendered":"https:\/\/ultbit.com\/m2campercorporativa\/?page_id=11379"},"modified":"2025-03-07T10:51:18","modified_gmt":"2025-03-07T10:51:18","slug":"politica-de-cookies","status":"publish","type":"page","link":"https:\/\/m2camper.es\/de\/politica-de-cookies\/","title":{"rendered":"Cookie-Richtlinie"},"content":{"rendered":"<div data-elementor-type=\"wp-page\" data-elementor-id=\"11379\" class=\"elementor elementor-11379\" data-elementor-post-type=\"page\">\n\t\t\t\t<div class=\"elementor-element elementor-element-1ccb4e6 e-flex e-con-boxed e-con e-parent\" data-id=\"1ccb4e6\" data-element_type=\"container\" data-settings=\"{&quot;background_background&quot;:&quot;classic&quot;}\">\n\t\t\t\t\t<div class=\"e-con-inner\">\n\t\t\t\t<div class=\"elementor-element elementor-element-580473b elementor-widget elementor-widget-heading\" data-id=\"580473b\" data-element_type=\"widget\" data-widget_type=\"heading.default\">\n\t\t\t\t<div class=\"elementor-widget-container\">\n\t\t\t\t\t<h2 class=\"elementor-heading-title elementor-size-default\">Cookie-Richtlinie<\/h2>\t\t\t\t<\/div>\n\t\t\t\t<\/div>\n\t\t\t\t<div class=\"elementor-element elementor-element-f7d79b6 elementor-widget elementor-widget-text-editor\" data-id=\"f7d79b6\" data-element_type=\"widget\" data-widget_type=\"text-editor.default\">\n\t\t\t\t<div class=\"elementor-widget-container\">\n\t\t\t\t\t\t\t\t\t<p>Abschnitt 1<br \/>Ein Cookie ist eine kleine Textdatei, die in Ihrem Browser gespeichert wird, wenn Sie fast jede Webseite besuchen. Dadurch soll der Website erm\u00f6glicht werden, sich an Ihren Besuch zu erinnern, wenn Sie auf diese Seite zur\u00fcckkehren. Cookies speichern typischerweise technische Informationen, pers\u00f6nliche Pr\u00e4ferenzen, Inhaltsanpassungen, Nutzungsstatistiken, Links zu sozialen Netzwerken, Zugriffe auf Benutzerkonten usw. Der Zweck des Cookies besteht darin, den Inhalt der Website an Ihr Profil und Ihre Bed\u00fcrfnisse anzupassen; ohne Cookies w\u00fcrden die von jeder Website angebotenen Dienste erheblich eingeschr\u00e4nkt sein. Wenn Sie weitere Informationen dar\u00fcber w\u00fcnschen, was Cookies sind, was sie speichern, wie Sie sie l\u00f6schen oder deaktivieren usw., besuchen Sie bitte diesen Link. (Abschnitt 2)<\/p><p>Auf dieser Website verwendete Cookies<br \/>Gem\u00e4\u00df den Richtlinien der spanischen Datenschutzbeh\u00f6rde beschreiben wir die Verwendung von Cookies auf dieser Website detailliert, um Ihnen m\u00f6glichst genaue Informationen zu liefern.<\/p><p>Diese Website verwendet eigene Cookies:<br \/>Sitzungscookies, um sicherzustellen, dass Benutzer, die Kommentare in Ihrem Blog schreiben, Menschen und keine automatisierten Anwendungen sind. So wird Spam bek\u00e4mpft.<\/p><p>Diese Website verwendet die folgenden Cookies von Drittanbietern:<br \/>Google Analytics: Speichert Cookies, um Statistiken zum Verkehr und zur Anzahl der Besuche dieser Website zu erstellen. Durch die Nutzung dieser Website erkl\u00e4ren Sie sich mit der Bearbeitung der \u00fcber Sie erhobenen Daten durch Google einverstanden. Daher muss die Aus\u00fcbung jeglicher Rechte in dieser Hinsicht durch direkte Kommunikation mit Google erfolgen.<\/p><p>Soziale Netzwerke: Jedes soziale Netzwerk verwendet seine eigenen Cookies, sodass Sie auf die Schaltfl\u00e4chen \u201eGef\u00e4llt mir\u201c oder \u201eTeilen\u201c klicken k\u00f6nnen.<\/p><p>YouTube<br \/>Twitter<br \/>Facebook<br \/>Ebenso ist es m\u00f6glich, dass beim Besuch einer Website oder beim \u00d6ffnen einer E-Mail, die eine Anzeige oder Werbeaktion zu unseren Dienstleistungen oder Produkten enth\u00e4lt, ein Cookie in Ihrem Browser installiert wird. Dieses Cookie wird verwendet, um anschlie\u00dfend Werbung anzuzeigen, die mit der von Ihnen durchgef\u00fchrten Suche in Zusammenhang steht, und um unsere Anzeigen beispielsweise im Hinblick auf die Anzahl der Aufrufe, den Ort ihres Erscheinens, die Uhrzeit ihrer Aufrufe usw. zu \u00fcberwachen.<\/p><p>Deaktivieren oder L\u00f6schen von Cookies<br \/>Sie k\u00f6nnen jederzeit von Ihrem Recht Gebrauch machen, Cookies dieser Website zu deaktivieren oder zu l\u00f6schen. Diese Aktionen werden je nach verwendetem Browser unterschiedlich ausgef\u00fchrt. Hier ist eine Kurzanleitung zu den beliebtesten Browsern. (Abschnitt 3)<\/p><p>Zus\u00e4tzliche Hinweise<br \/>Weder diese Website noch ihre gesetzlichen Vertreter sind f\u00fcr den Inhalt oder die Richtigkeit der Datenschutzrichtlinien verantwortlich, die in dieser Cookie-Richtlinie erw\u00e4hnte Dritte m\u00f6glicherweise haben.<\/p><p>F\u00fcr die Speicherung von Cookies sind Webbrowser zust\u00e4ndig und Sie m\u00fcssen auf dieser Website Ihr Recht aus\u00fcben, diese zu l\u00f6schen oder zu deaktivieren. Weder diese Website noch ihre gesetzlichen Vertreter k\u00f6nnen die richtige oder falsche Handhabung von Cookies durch diese Browser garantieren.<\/p><p>In manchen F\u00e4llen ist die Installation von Cookies erforderlich, damit der Browser Ihre Entscheidung, diese nicht zu akzeptieren, nicht vergisst.<\/p><p>Im Falle von Google Analytics-Cookies speichert dieses Unternehmen Cookies auf Servern in den USA und verpflichtet sich, diese nicht an Dritte weiterzugeben, es sei denn, dies ist f\u00fcr den Betrieb des Systems erforderlich oder gesetzlich vorgeschrieben. Google Inc. ist ein dem Privacy Shield unterworfenes Unternehmen, das garantiert, dass alle \u00fcbertragenen Daten mit einem den europ\u00e4ischen Vorschriften entsprechenden Schutzniveau behandelt werden. Ausf\u00fchrliche Informationen k\u00f6nnen Sie unter diesem Link (1) einsehen. Wenn Sie Informationen dar\u00fcber w\u00fcnschen, wie Google Analytics Cookies verwendet, f\u00fcgen wir diesen anderen Link (2) bei.<\/p><p>Wenn Sie Fragen oder Bedenken zu dieser Cookie-Richtlinie haben, z\u00f6gern Sie bitte nicht, uns \u00fcber den Kontaktbereich zu kontaktieren.<\/p><p>Abschnitt 2<br \/>Weitere Informationen zu Cookies<\/p><p>Was ist ein Cookie?<br \/>Ein Cookie ist eine harmlose Textdatei, die beim Besuch fast jeder Website in Ihrem Browser gespeichert wird. Der Nutzen von Cookies besteht darin, dass sich die Website an Ihren Besuch erinnern kann, wenn Sie diese Seite erneut durchsuchen. Obwohl es vielen nicht bewusst ist, werden Cookies bereits seit 20 Jahren verwendet, seit die ersten Browser f\u00fcr das World Wide Web auf den Markt kamen.<\/p><p>Was ist KEIN Cookie?<br \/>Es handelt sich nicht um einen Virus, einen Trojaner, einen Wurm, Spam, Spyware oder ein Popup-Fenster.<\/p><p>Welche Informationen speichert ein Cookie?<br \/>Cookies speichern normalerweise keine vertraulichen Informationen \u00fcber Sie, wie etwa Kreditkarten- oder Bankdaten, Fotos, Ihren Ausweis oder pers\u00f6nliche Informationen usw. Die von ihnen gespeicherten Daten sind technischer Natur und dienen der pers\u00f6nlichen Vorliebe, der Anpassung von Inhalten usw.<\/p><p>Der Webserver identifiziert nicht Sie als Person, sondern Ihren Webbrowser. Wenn Sie normalerweise mit Internet Explorer surfen und versuchen, dieselbe Website mit Firefox oder Chrome zu durchsuchen, werden Sie feststellen, dass die Website nicht erkennt, dass Sie dieselbe Person sind, da sie tats\u00e4chlich den Browser und nicht die Person verkn\u00fcpft.<\/p><p>Welche Arten von Cookies gibt es?<br \/>Technische Cookies: Dies sind die grundlegendsten Cookies und erm\u00f6glichen unter anderem zu erkennen, wann ein Mensch oder eine automatisierte Anwendung surft, wann ein anonymer oder ein registrierter Benutzer surft, und grundlegende Aufgaben f\u00fcr den Betrieb jeder dynamischen Website.<\/p><p>Analytische Cookies: Diese sammeln Informationen \u00fcber die Art Ihres Browsings, die am h\u00e4ufigsten verwendeten Bereiche, die angezeigten Produkte, die Zeitzone der Nutzung, die Sprache usw.<\/p><p>Werbe-Cookies: Diese zeigen Werbung basierend auf Ihren Surfgewohnheiten, Ihrem Herkunftsland, Ihrer Sprache usw. an.<\/p><p>Was sind Erstanbieter- und Drittanbieter-Cookies?<br \/>Erstanbieter-Cookies werden von der Website generiert, die Sie besuchen, w\u00e4hrend Drittanbieter-Cookies von externen Diensten oder Anbietern wie Facebook, Twitter, Google usw. generiert werden.<\/p><p>Was passiert, wenn Sie Cookies deaktivieren?<br \/>Damit Sie die m\u00f6glichen Auswirkungen der Deaktivierung von Cookies besser verstehen, finden Sie hier einige Beispiele:<\/p><p>Sie d\u00fcrfen Inhalte dieser Website nicht auf Facebook, Twitter oder anderen sozialen Netzwerken teilen.<\/p><p>Die Website kann ihre Inhalte nicht an Ihre pers\u00f6nlichen Vorlieben anpassen, wie dies bei Online-Shops h\u00e4ufig der Fall ist.<\/p><p>Sie k\u00f6nnen nicht auf den pers\u00f6nlichen Bereich dieser Website zugreifen, beispielsweise auf \u201eMein Konto\u201c, \u201eMein Profil\u201c oder \u201eMeine Bestellungen\u201c.<\/p><p>Online-Shops: Sie k\u00f6nnen keine Eink\u00e4ufe online t\u00e4tigen; Sie m\u00fcssen telefonisch oder durch den Besuch eines Ladengesch\u00e4fts (sofern vorhanden) erfolgen.<\/p><p>Es ist nicht m\u00f6glich, Ihre geografischen Einstellungen wie Zeitzone, W\u00e4hrung oder Sprache anzupassen.<\/p><p>Die Website kann keine Webanalyse der Besucher und des Webverkehrs durchf\u00fchren, was ihre Wettbewerbsf\u00e4higkeit beeintr\u00e4chtigt.<\/p><p>Sie k\u00f6nnen nicht im Blog schreiben, Fotos hochladen, Kommentare posten oder Inhalte bewerten. Die Website kann au\u00dferdem nicht erkennen, ob Sie ein Mensch oder eine automatisierte Anwendung zum Versenden von Spam sind.<\/p><p>Es wird keine zielgerichtete Werbung angezeigt, wodurch die Werbeeinnahmen der Website sinken.<\/p><p>Alle sozialen Netzwerke verwenden Cookies; Wenn Sie sie deaktivieren, k\u00f6nnen Sie kein soziales Netzwerk nutzen.<\/p><p>K\u00f6nnen Cookies gel\u00f6scht werden?<br \/>Ja. Nicht nur L\u00f6schung, sondern auch Sperrung, entweder generell oder speziell f\u00fcr eine bestimmte Domain.<\/p><p>Um Cookies von einer Website zu l\u00f6schen, gehen Sie zu den Einstellungen Ihres Browsers. Dort k\u00f6nnen Sie nach den mit der betreffenden Domain verkn\u00fcpften Cookies suchen und diese l\u00f6schen.<\/p><p>Abschnitt 3<br \/>Cookie-Einstellungen f\u00fcr die g\u00e4ngigsten Browser<br \/>So greifen Sie im Chrome-Browser auf ein bestimmtes Cookie zu.<br \/>Hinweis: Diese Schritte k\u00f6nnen je nach Browserversion variieren:<\/p><p>Gehen Sie \u00fcber das Men\u00fc \u201eDatei\u201c oder durch Klicken auf das Symbol \u201ePersonalisierung\u201c in der oberen rechten Ecke zu \u201eEinstellungen\u201c oder \u201ePr\u00e4ferenzen\u201c.<br \/>Sie sehen verschiedene Abschnitte. Klicken Sie auf die Option Erweiterte Optionen anzeigen.<br \/>Gehen Sie zu Datenschutz, Inhaltseinstellungen.<br \/>W\u00e4hlen Sie Alle Cookies und Websitedaten aus.<br \/>Es erscheint eine Liste mit allen Cookies, sortiert nach Dom\u00e4nen. Um das Auffinden von Cookies einer bestimmten Dom\u00e4ne zu erleichtern, geben Sie einen Teil oder die gesamte Adresse in das Feld \u201eCookies suchen\u201c ein.<\/p><p>Nach dem Anwenden dieses Filters erscheinen auf dem Bildschirm eine oder mehrere Zeilen mit den Cookies der angeforderten Website. Jetzt m\u00fcssen Sie es nur noch ausw\u00e4hlen und die Xper-Taste dr\u00fccken, um mit der Entfernung fortzufahren.<\/p><p>Um auf die Cookie-Einstellungen im Firefox-Browser zuzugreifen, befolgen Sie diese Schritte (sie k\u00f6nnen je nach Browserversion variieren):<\/p><p>Gehen Sie je nach Betriebssystem zu Optionen oder Einstellungen.<br \/>Klicken Sie auf Datenschutz.<br \/>W\u00e4hlen Sie unter \u201eVerlauf\u201c die Option \u201eBenutzerdefinierte Einstellungen f\u00fcr den Verlauf verwenden\u201c aus.<br \/>Sie sehen nun die Option \u201eCookies akzeptieren\u201c, die Sie je nach Ihren W\u00fcnschen aktivieren oder deaktivieren k\u00f6nnen.<br \/>Um auf die Cookie-Einstellungen des Safari-Browsers f\u00fcr OSX zuzugreifen, befolgen Sie diese Schritte (sie k\u00f6nnen je nach Browserversion variieren):<\/p><p>Gehen Sie zu \u201eEinstellungen\u201c und dann zu \u201eDatenschutz\u201c.<br \/>Auf dieser Site wird die Option \u201eCookies blockieren\u201c angezeigt, sodass Sie die Art der Blockierung anpassen k\u00f6nnen, die Sie durchf\u00fchren m\u00f6chten.<br \/>Um auf die Cookie-Einstellungen im Safari-Browser f\u00fcr iOS zuzugreifen, befolgen Sie diese Schritte (sie k\u00f6nnen je nach Browserversion variieren):<\/p><p>Gehen Sie zu Einstellungen und dann zu Safari.<br \/>Gehen Sie zu \u201eDatenschutz und Sicherheit\u201c. Dort wird die Option \u201eCookies blockieren\u201c angezeigt, sodass Sie die gew\u00fcnschte Art der Blockierung anpassen k\u00f6nnen.<br \/>Um auf die Browser-Cookie-Einstellungen f\u00fcr Android-Ger\u00e4te zuzugreifen, befolgen Sie diese Schritte (sie k\u00f6nnen je nach Browserversion variieren):<\/p><p>Starten Sie den Browser und dr\u00fccken Sie die Men\u00fctaste und dann \u201eEinstellungen\u201c.<br \/>Gehen Sie zu \u201eSicherheit und Datenschutz\u201c. Dort wird die Option \u201eCookies akzeptieren\u201c angezeigt. Sie k\u00f6nnen das Kontrollk\u00e4stchen aktivieren oder deaktivieren.<br \/>Um auf die Browser-Cookie-Einstellungen f\u00fcr Windows Phone-Ger\u00e4te zuzugreifen, befolgen Sie diese Schritte (sie k\u00f6nnen je nach Browserversion variieren):<\/p><p>\u00d6ffnen Sie den Browser, dann \u201eMehr\u201c und dann \u201eEinstellungen\u201c.<br \/>Sie k\u00f6nnen jetzt das Kontrollk\u00e4stchen \u201eCookies zulassen\u201c aktivieren oder deaktivieren.<\/p>\t\t\t\t\t\t\t\t<\/div>\n\t\t\t\t<\/div>\n\t\t\t\t\t<\/div>\n\t\t\t\t<\/div>\n\t\t\t\t<\/div>","protected":false},"excerpt":{"rendered":"<p>Pol\u00edtica de Cookies Apartado 1Una cookie es un peque\u00f1o archivo de texto que se almacena en su navegador cuando visita casi cualquier p\u00e1gina web. Su utilidad es que la web sea capaz de recordar su visita cuando vuelva a navegar por esta p\u00e1gina. Las cookies suelen almacenar informaci\u00f3n de car\u00e1cter t\u00e9cnico, preferencias personales, personalizaci\u00f3n de&hellip;&nbsp;<a href=\"https:\/\/m2camper.es\/de\/politica-de-cookies\/\" rel=\"bookmark\"><span class=\"screen-reader-text\">Cookie-Richtlinie<\/span><\/a><\/p>","protected":false},"author":5740,"featured_media":0,"parent":0,"menu_order":0,"comment_status":"closed","ping_status":"closed","template":"page-templates\/template-pagebuilder-full-width.php","meta":{"neve_meta_sidebar":"","neve_meta_container":"","neve_meta_enable_content_width":"off","neve_meta_content_width":100,"neve_meta_title_alignment":"","neve_meta_author_avatar":"","neve_post_elements_order":"","neve_meta_disable_header":"","neve_meta_disable_footer":"","neve_meta_disable_title":"","footnotes":""},"class_list":["post-11379","page","type-page","status-publish","hentry"],"yoast_head":"<!-- This site is optimized with the Yoast SEO plugin v24.8.1 - https:\/\/yoast.com\/wordpress\/plugins\/seo\/ -->\n<title>Pol\u00edtica de Cookies\u200b - M2 Campers | Aislantes t\u00e9rmicos y oscurecedores para campers<\/title>\n<meta name=\"robots\" content=\"index, follow, max-snippet:-1, max-image-preview:large, max-video-preview:-1\" \/>\n<link rel=\"canonical\" href=\"https:\/\/m2camper.es\/de\/politica-de-cookies\/\" \/>\n<meta property=\"og:locale\" content=\"de_DE\" \/>\n<meta property=\"og:type\" content=\"article\" \/>\n<meta property=\"og:title\" content=\"Pol\u00edtica de Cookies\u200b - M2 Campers | Aislantes t\u00e9rmicos y oscurecedores para campers\" \/>\n<meta property=\"og:description\" content=\"Pol\u00edtica de Cookies Apartado 1Una cookie es un peque\u00f1o archivo de texto que se almacena en su navegador cuando visita casi cualquier p\u00e1gina web. Su utilidad es que la web sea capaz de recordar su visita cuando vuelva a navegar por esta p\u00e1gina. Las cookies suelen almacenar informaci\u00f3n de car\u00e1cter t\u00e9cnico, preferencias personales, personalizaci\u00f3n de&hellip;&nbsp;Pol\u00edtica de Cookies\u200b\" \/>\n<meta property=\"og:url\" content=\"https:\/\/m2camper.es\/de\/politica-de-cookies\/\" \/>\n<meta property=\"og:site_name\" content=\"M2 Campers | Aislantes t\u00e9rmicos y oscurecedores para campers\" \/>\n<meta property=\"article:modified_time\" content=\"2025-03-07T10:51:18+00:00\" \/>\n<meta name=\"twitter:card\" content=\"summary_large_image\" \/>\n<meta name=\"twitter:label1\" content=\"Gesch\u00e4tzte Lesezeit\" \/>\n\t<meta name=\"twitter:data1\" content=\"9\u00a0Minuten\" \/>\n<script type=\"application\/ld+json\" class=\"yoast-schema-graph\">{\"@context\":\"https:\/\/schema.org\",\"@graph\":[{\"@type\":\"WebPage\",\"@id\":\"https:\/\/m2camper.es\/politica-de-cookies\/\",\"url\":\"https:\/\/m2camper.es\/politica-de-cookies\/\",\"name\":\"Pol\u00edtica de Cookies\u200b - M2 Campers | Aislantes t\u00e9rmicos y oscurecedores para campers\",\"isPartOf\":{\"@id\":\"https:\/\/m2camper.es\/#website\"},\"datePublished\":\"2025-02-05T07:52:50+00:00\",\"dateModified\":\"2025-03-07T10:51:18+00:00\",\"breadcrumb\":{\"@id\":\"https:\/\/m2camper.es\/politica-de-cookies\/#breadcrumb\"},\"inLanguage\":\"de\",\"potentialAction\":[{\"@type\":\"ReadAction\",\"target\":[\"https:\/\/m2camper.es\/politica-de-cookies\/\"]}]},{\"@type\":\"BreadcrumbList\",\"@id\":\"https:\/\/m2camper.es\/politica-de-cookies\/#breadcrumb\",\"itemListElement\":[{\"@type\":\"ListItem\",\"position\":1,\"name\":\"Portada\",\"item\":\"https:\/\/m2camper.es\/\"},{\"@type\":\"ListItem\",\"position\":2,\"name\":\"Pol\u00edtica de Cookies\u200b\"}]},{\"@type\":\"WebSite\",\"@id\":\"https:\/\/m2camper.es\/#website\",\"url\":\"https:\/\/m2camper.es\/\",\"name\":\"M2 Campers | Aislantes t\u00e9rmicos y oscurecedores para campers\",\"description\":\"Descubre calidad y confort de nuestros aislantes t\u00e9rmicos oscurecedores y colchones para veh\u00edculos. Optimiza tu experiencia en carretera con M2 Camper.\",\"potentialAction\":[{\"@type\":\"SearchAction\",\"target\":{\"@type\":\"EntryPoint\",\"urlTemplate\":\"https:\/\/m2camper.es\/?s={search_term_string}\"},\"query-input\":{\"@type\":\"PropertyValueSpecification\",\"valueRequired\":true,\"valueName\":\"search_term_string\"}}],\"inLanguage\":\"de\"}]}<\/script>\n<!-- \/ Yoast SEO plugin. -->","yoast_head_json":{"title":"Pol\u00edtica de Cookies\u200b - M2 Campers | Aislantes t\u00e9rmicos y oscurecedores para campers","robots":{"index":"index","follow":"follow","max-snippet":"max-snippet:-1","max-image-preview":"max-image-preview:large","max-video-preview":"max-video-preview:-1"},"canonical":"https:\/\/m2camper.es\/de\/politica-de-cookies\/","og_locale":"de_DE","og_type":"article","og_title":"Pol\u00edtica de Cookies\u200b - M2 Campers | Aislantes t\u00e9rmicos y oscurecedores para campers","og_description":"Pol\u00edtica de Cookies Apartado 1Una cookie es un peque\u00f1o archivo de texto que se almacena en su navegador cuando visita casi cualquier p\u00e1gina web. Su utilidad es que la web sea capaz de recordar su visita cuando vuelva a navegar por esta p\u00e1gina. Las cookies suelen almacenar informaci\u00f3n de car\u00e1cter t\u00e9cnico, preferencias personales, personalizaci\u00f3n de&hellip;&nbsp;Pol\u00edtica de Cookies\u200b","og_url":"https:\/\/m2camper.es\/de\/politica-de-cookies\/","og_site_name":"M2 Campers | Aislantes t\u00e9rmicos y oscurecedores para campers","article_modified_time":"2025-03-07T10:51:18+00:00","twitter_card":"summary_large_image","twitter_misc":{"Gesch\u00e4tzte Lesezeit":"9\u00a0Minuten"},"schema":{"@context":"https:\/\/schema.org","@graph":[{"@type":"WebPage","@id":"https:\/\/m2camper.es\/politica-de-cookies\/","url":"https:\/\/m2camper.es\/politica-de-cookies\/","name":"Pol\u00edtica de Cookies\u200b - M2 Campers | Aislantes t\u00e9rmicos y oscurecedores para campers","isPartOf":{"@id":"https:\/\/m2camper.es\/#website"},"datePublished":"2025-02-05T07:52:50+00:00","dateModified":"2025-03-07T10:51:18+00:00","breadcrumb":{"@id":"https:\/\/m2camper.es\/politica-de-cookies\/#breadcrumb"},"inLanguage":"de","potentialAction":[{"@type":"ReadAction","target":["https:\/\/m2camper.es\/politica-de-cookies\/"]}]},{"@type":"BreadcrumbList","@id":"https:\/\/m2camper.es\/politica-de-cookies\/#breadcrumb","itemListElement":[{"@type":"ListItem","position":1,"name":"Portada","item":"https:\/\/m2camper.es\/"},{"@type":"ListItem","position":2,"name":"Pol\u00edtica de Cookies\u200b"}]},{"@type":"WebSite","@id":"https:\/\/m2camper.es\/#website","url":"https:\/\/m2camper.es\/","name":"M2 Campers | Aislantes t\u00e9rmicos y oscurecedores para campers","description":"Descubre calidad y confort de nuestros aislantes t\u00e9rmicos oscurecedores y colchones para veh\u00edculos. Optimiza tu experiencia en carretera con M2 Camper.","potentialAction":[{"@type":"SearchAction","target":{"@type":"EntryPoint","urlTemplate":"https:\/\/m2camper.es\/?s={search_term_string}"},"query-input":{"@type":"PropertyValueSpecification","valueRequired":true,"valueName":"search_term_string"}}],"inLanguage":"de"}]}},"_links":{"self":[{"href":"https:\/\/m2camper.es\/de\/wp-json\/wp\/v2\/pages\/11379","targetHints":{"allow":["GET"]}}],"collection":[{"href":"https:\/\/m2camper.es\/de\/wp-json\/wp\/v2\/pages"}],"about":[{"href":"https:\/\/m2camper.es\/de\/wp-json\/wp\/v2\/types\/page"}],"author":[{"embeddable":true,"href":"https:\/\/m2camper.es\/de\/wp-json\/wp\/v2\/users\/5740"}],"replies":[{"embeddable":true,"href":"https:\/\/m2camper.es\/de\/wp-json\/wp\/v2\/comments?post=11379"}],"version-history":[{"count":7,"href":"https:\/\/m2camper.es\/de\/wp-json\/wp\/v2\/pages\/11379\/revisions"}],"predecessor-version":[{"id":11659,"href":"https:\/\/m2camper.es\/de\/wp-json\/wp\/v2\/pages\/11379\/revisions\/11659"}],"wp:attachment":[{"href":"https:\/\/m2camper.es\/de\/wp-json\/wp\/v2\/media?parent=11379"}],"curies":[{"name":"wp","href":"https:\/\/api.w.org\/{rel}","templated":true}]}}