{"id":11374,"date":"2025-02-05T07:51:31","date_gmt":"2025-02-05T07:51:31","guid":{"rendered":"https:\/\/ultbit.com\/m2campercorporativa\/?page_id=11374"},"modified":"2025-03-18T13:05:33","modified_gmt":"2025-03-18T13:05:33","slug":"politica-de-privacidad","status":"publish","type":"page","link":"https:\/\/m2camper.es\/de\/politica-de-privacidad\/","title":{"rendered":"Datenschutzrichtlinie"},"content":{"rendered":"<div data-elementor-type=\"wp-page\" data-elementor-id=\"11374\" class=\"elementor elementor-11374\" data-elementor-post-type=\"page\">\n\t\t\t\t<div class=\"elementor-element elementor-element-4673674 e-flex e-con-boxed e-con e-parent\" data-id=\"4673674\" data-element_type=\"container\" data-settings=\"{&quot;background_background&quot;:&quot;classic&quot;}\">\n\t\t\t\t\t<div class=\"e-con-inner\">\n\t\t\t\t<div class=\"elementor-element elementor-element-4cf9e3d elementor-widget elementor-widget-heading\" data-id=\"4cf9e3d\" data-element_type=\"widget\" data-widget_type=\"heading.default\">\n\t\t\t\t<div class=\"elementor-widget-container\">\n\t\t\t\t\t<h2 class=\"elementor-heading-title elementor-size-default\">Datenschutzrichtlinie\n<\/h2>\t\t\t\t<\/div>\n\t\t\t\t<\/div>\n\t\t\t\t<div class=\"elementor-element elementor-element-a2098f5 elementor-widget elementor-widget-text-editor\" data-id=\"a2098f5\" data-element_type=\"widget\" data-widget_type=\"text-editor.default\">\n\t\t\t\t<div class=\"elementor-widget-container\">\n\t\t\t\t\t\t\t\t\t<p>1.- Informationen f\u00fcr den Benutzer<br \/>Die Website informiert die Website-Benutzer \u00fcber ihre Richtlinien bez\u00fcglich der Verarbeitung und des Schutzes personenbezogener Daten von Benutzern und Kunden, die beim Surfen auf ihrer Website angefordert werden k\u00f6nnen.<\/p><p>Verantwortlich f\u00fcr die Verarbeitung der personenbezogenen Daten des Nutzers ist die Website, daher informieren wir Sie nachfolgend \u00fcber die Verarbeitung Ihrer Daten:<\/p><p>Kriterien f\u00fcr die Datenaufbewahrung: Die bereitgestellten personenbezogenen Daten werden so lange aufbewahrt, bis die betroffene Person deren L\u00f6schung beantragt, ihre Rechte in Bezug auf die Daten aus\u00fcbt und in jedem Fall unter Einhaltung der f\u00fcr sie geltenden gesetzlichen Verj\u00e4hrungsfristen.<\/p><p>Rechte der Betroffenen:<\/p><p>Recht, Ihre Einwilligung jederzeit zu widerrufen.<br \/>Das Recht auf Zugriff, Berichtigung, L\u00f6schung und \u00dcbertragung Ihrer Daten sowie auf Einschr\u00e4nkung oder Widerspruch gegen deren Verarbeitung und darauf, keiner automatisierten Einzelentscheidung unterworfen zu sein.<br \/>Kontaktdaten zur Aus\u00fcbung Ihrer Rechte:<\/p><p>Sie m\u00fcssen sich ordnungsgem\u00e4\u00df ausweisen und die Aus\u00fcbung Ihres Rechts klar und deutlich beantragen.<\/p><p>Website: https:\/\/www.m2camper.com\/<br \/>Firma: MERCEDES LOPEZ ALBIAR<br \/>Verantwortlich: Mercedes und Maribel<br \/>Steuernummer: 46335410R<br \/>Adresse: Numancia, 30<br \/>Postleitzahl und Ort: 08184 Barcelona (Barcelona)<br \/>Mail: <span style=\"color: #000000;\"><a style=\"color: #000000;\" href=\"mailto:m2camper@gmail.com\">m2camper@gmail.com<\/a><\/span><br \/>Telefon: <span style=\"color: #000000;\"><a style=\"color: #000000;\" href=\"tel:640601500\">640601500<\/a><\/span><\/p><p>2.- Vom Benutzer bereitgestellte Informationen<br \/>Wenn Sie unter 18 Jahre alt sind, ist Ihnen die Nutzung der Formulare auf unserer Website nicht gestattet.<\/p><p>Mit der Eingabe der Daten in die Kontaktformulare oder der \u00dcbermittlung der Informationen in die Download-Formulare erkl\u00e4rt sich der Nutzer ausdr\u00fccklich, freiwillig und eindeutig damit einverstanden, dass seine Daten f\u00fcr die Bearbeitung seiner Anfrage durch den Verantwortlichen erforderlich sind. Die Angabe von Daten in den \u00fcbrigen Feldern ist freiwillig.<\/p><p>Der Nutzer garantiert, dass die von ihm angegebenen personenbezogenen Daten wahrheitsgem\u00e4\u00df sind und ist f\u00fcr die Mitteilung etwaiger \u00c4nderungen verantwortlich.<\/p><p>Alle \u00fcber die Website angeforderten Daten sind erforderlich, um dem Benutzer einen optimalen Service zu bieten. Werden nicht alle Daten bereitgestellt, ist nicht gew\u00e4hrleistet, dass die vom Verantwortlichen bereitgestellten Informationen und Dienste Ihren Bed\u00fcrfnissen vollumf\u00e4nglich gerecht werden.<\/p><p>3.- Sicherheitsma\u00dfnahmen<br \/>Dass der Verantwortliche gem\u00e4\u00df den Bestimmungen der geltenden Vorschriften zum Schutz personenbezogener Daten alle Bestimmungen der DSGVO und des LOPD f\u00fcr die Verarbeitung personenbezogener Daten unter seiner Verantwortung einh\u00e4lt, die rechtm\u00e4\u00dfig, fair und transparent in Bezug auf die betroffene Person verarbeitet werden und angemessen, relevant und auf das f\u00fcr die Zwecke, f\u00fcr die sie verarbeitet werden, erforderliche Ma\u00df beschr\u00e4nkt sind.<\/p><p>Der Verantwortliche garantiert, dass er geeignete technische und organisatorische Ma\u00dfnahmen ergriffen hat, um die in der DSGVO und im LOPD festgelegten Sicherheitsma\u00dfnahmen zum Schutz der Rechte und Freiheiten der Benutzer anzuwenden und ihnen die entsprechenden Informationen zur Verf\u00fcgung gestellt hat, damit sie diese aus\u00fcben k\u00f6nnen.<\/p><p>4.- Sicherheitsverletzungen<br \/>Der Verantwortliche meldet alle Sicherheitsverletzungen, die die von dieser Website oder einem unserer Drittanbieterdienste verwendete Datenbank betreffen, jeder einzelnen Person, deren Daten m\u00f6glicherweise betroffen sind, sowie den Beh\u00f6rden innerhalb von 72 Stunden nach Feststellung der Verletzung.<\/p><p>Geltendes Recht und Gerichtsstand<br \/>Zur L\u00f6sung aller Streitigkeiten oder Probleme im Zusammenhang mit dieser Website oder den darauf durchgef\u00fchrten Aktivit\u00e4ten gilt spanisches Recht, dem sich die Parteien ausdr\u00fccklich unterwerfen. F\u00fcr die Beilegung aller Konflikte, die sich aus der Nutzung ergeben oder damit in Zusammenhang stehen, sind die Gerichte von Barcelona zust\u00e4ndig.<\/p>\t\t\t\t\t\t\t\t<\/div>\n\t\t\t\t<\/div>\n\t\t\t\t\t<\/div>\n\t\t\t\t<\/div>\n\t\t\t\t<\/div>","protected":false},"excerpt":{"rendered":"<p>Pol\u00edtica de privacidad 1.- Informaci\u00f3n al usuarioEl sitio web informa a los usuarios del sitio web sobre su pol\u00edtica respecto al tratamiento y protecci\u00f3n de los datos de car\u00e1cter personal de los usuarios y clientes que puedan ser solicitados por la navegaci\u00f3n a trav\u00e9s de su sitio web. El sitio web es el Responsable del&hellip;&nbsp;<a href=\"https:\/\/m2camper.es\/de\/politica-de-privacidad\/\" rel=\"bookmark\"><span class=\"screen-reader-text\">Datenschutzrichtlinie<\/span><\/a><\/p>","protected":false},"author":5740,"featured_media":0,"parent":0,"menu_order":0,"comment_status":"closed","ping_status":"closed","template":"page-templates\/template-pagebuilder-full-width.php","meta":{"neve_meta_sidebar":"","neve_meta_container":"","neve_meta_enable_content_width":"off","neve_meta_content_width":100,"neve_meta_title_alignment":"","neve_meta_author_avatar":"","neve_post_elements_order":"","neve_meta_disable_header":"","neve_meta_disable_footer":"","neve_meta_disable_title":"","footnotes":""},"class_list":["post-11374","page","type-page","status-publish","hentry"],"yoast_head":"<!-- This site is optimized with the Yoast SEO plugin v24.8.1 - https:\/\/yoast.com\/wordpress\/plugins\/seo\/ -->\n<title>Pol\u00edtica de privacidad - M2 Campers | Aislantes t\u00e9rmicos y oscurecedores para campers<\/title>\n<meta name=\"robots\" content=\"index, follow, max-snippet:-1, max-image-preview:large, max-video-preview:-1\" \/>\n<link rel=\"canonical\" href=\"https:\/\/m2camper.es\/de\/politica-de-privacidad\/\" \/>\n<meta property=\"og:locale\" content=\"de_DE\" \/>\n<meta property=\"og:type\" content=\"article\" \/>\n<meta property=\"og:title\" content=\"Pol\u00edtica de privacidad - M2 Campers | Aislantes t\u00e9rmicos y oscurecedores para campers\" \/>\n<meta property=\"og:description\" content=\"Pol\u00edtica de privacidad 1.- Informaci\u00f3n al usuarioEl sitio web informa a los usuarios del sitio web sobre su pol\u00edtica respecto al tratamiento y protecci\u00f3n de los datos de car\u00e1cter personal de los usuarios y clientes que puedan ser solicitados por la navegaci\u00f3n a trav\u00e9s de su sitio web. El sitio web es el Responsable del&hellip;&nbsp;Pol\u00edtica de privacidad\" \/>\n<meta property=\"og:url\" content=\"https:\/\/m2camper.es\/de\/politica-de-privacidad\/\" \/>\n<meta property=\"og:site_name\" content=\"M2 Campers | Aislantes t\u00e9rmicos y oscurecedores para campers\" \/>\n<meta property=\"article:modified_time\" content=\"2025-03-18T13:05:33+00:00\" \/>\n<meta name=\"twitter:card\" content=\"summary_large_image\" \/>\n<meta name=\"twitter:label1\" content=\"Gesch\u00e4tzte Lesezeit\" \/>\n\t<meta name=\"twitter:data1\" content=\"3\u00a0Minuten\" \/>\n<script type=\"application\/ld+json\" class=\"yoast-schema-graph\">{\"@context\":\"https:\/\/schema.org\",\"@graph\":[{\"@type\":\"WebPage\",\"@id\":\"https:\/\/m2camper.es\/politica-de-privacidad\/\",\"url\":\"https:\/\/m2camper.es\/politica-de-privacidad\/\",\"name\":\"Pol\u00edtica de privacidad - M2 Campers | Aislantes t\u00e9rmicos y oscurecedores para campers\",\"isPartOf\":{\"@id\":\"https:\/\/m2camper.es\/#website\"},\"datePublished\":\"2025-02-05T07:51:31+00:00\",\"dateModified\":\"2025-03-18T13:05:33+00:00\",\"breadcrumb\":{\"@id\":\"https:\/\/m2camper.es\/politica-de-privacidad\/#breadcrumb\"},\"inLanguage\":\"de\",\"potentialAction\":[{\"@type\":\"ReadAction\",\"target\":[\"https:\/\/m2camper.es\/politica-de-privacidad\/\"]}]},{\"@type\":\"BreadcrumbList\",\"@id\":\"https:\/\/m2camper.es\/politica-de-privacidad\/#breadcrumb\",\"itemListElement\":[{\"@type\":\"ListItem\",\"position\":1,\"name\":\"Portada\",\"item\":\"https:\/\/m2camper.es\/\"},{\"@type\":\"ListItem\",\"position\":2,\"name\":\"Pol\u00edtica de privacidad\"}]},{\"@type\":\"WebSite\",\"@id\":\"https:\/\/m2camper.es\/#website\",\"url\":\"https:\/\/m2camper.es\/\",\"name\":\"M2 Campers | Aislantes t\u00e9rmicos y oscurecedores para campers\",\"description\":\"Descubre calidad y confort de nuestros aislantes t\u00e9rmicos oscurecedores y colchones para veh\u00edculos. Optimiza tu experiencia en carretera con M2 Camper.\",\"potentialAction\":[{\"@type\":\"SearchAction\",\"target\":{\"@type\":\"EntryPoint\",\"urlTemplate\":\"https:\/\/m2camper.es\/?s={search_term_string}\"},\"query-input\":{\"@type\":\"PropertyValueSpecification\",\"valueRequired\":true,\"valueName\":\"search_term_string\"}}],\"inLanguage\":\"de\"}]}<\/script>\n<!-- \/ Yoast SEO plugin. -->","yoast_head_json":{"title":"Pol\u00edtica de privacidad - M2 Campers | Aislantes t\u00e9rmicos y oscurecedores para campers","robots":{"index":"index","follow":"follow","max-snippet":"max-snippet:-1","max-image-preview":"max-image-preview:large","max-video-preview":"max-video-preview:-1"},"canonical":"https:\/\/m2camper.es\/de\/politica-de-privacidad\/","og_locale":"de_DE","og_type":"article","og_title":"Pol\u00edtica de privacidad - M2 Campers | Aislantes t\u00e9rmicos y oscurecedores para campers","og_description":"Pol\u00edtica de privacidad 1.- Informaci\u00f3n al usuarioEl sitio web informa a los usuarios del sitio web sobre su pol\u00edtica respecto al tratamiento y protecci\u00f3n de los datos de car\u00e1cter personal de los usuarios y clientes que puedan ser solicitados por la navegaci\u00f3n a trav\u00e9s de su sitio web. El sitio web es el Responsable del&hellip;&nbsp;Pol\u00edtica de privacidad","og_url":"https:\/\/m2camper.es\/de\/politica-de-privacidad\/","og_site_name":"M2 Campers | Aislantes t\u00e9rmicos y oscurecedores para campers","article_modified_time":"2025-03-18T13:05:33+00:00","twitter_card":"summary_large_image","twitter_misc":{"Gesch\u00e4tzte Lesezeit":"3\u00a0Minuten"},"schema":{"@context":"https:\/\/schema.org","@graph":[{"@type":"WebPage","@id":"https:\/\/m2camper.es\/politica-de-privacidad\/","url":"https:\/\/m2camper.es\/politica-de-privacidad\/","name":"Pol\u00edtica de privacidad - M2 Campers | Aislantes t\u00e9rmicos y oscurecedores para campers","isPartOf":{"@id":"https:\/\/m2camper.es\/#website"},"datePublished":"2025-02-05T07:51:31+00:00","dateModified":"2025-03-18T13:05:33+00:00","breadcrumb":{"@id":"https:\/\/m2camper.es\/politica-de-privacidad\/#breadcrumb"},"inLanguage":"de","potentialAction":[{"@type":"ReadAction","target":["https:\/\/m2camper.es\/politica-de-privacidad\/"]}]},{"@type":"BreadcrumbList","@id":"https:\/\/m2camper.es\/politica-de-privacidad\/#breadcrumb","itemListElement":[{"@type":"ListItem","position":1,"name":"Portada","item":"https:\/\/m2camper.es\/"},{"@type":"ListItem","position":2,"name":"Pol\u00edtica de privacidad"}]},{"@type":"WebSite","@id":"https:\/\/m2camper.es\/#website","url":"https:\/\/m2camper.es\/","name":"M2 Campers | Aislantes t\u00e9rmicos y oscurecedores para campers","description":"Descubre calidad y confort de nuestros aislantes t\u00e9rmicos oscurecedores y colchones para veh\u00edculos. Optimiza tu experiencia en carretera con M2 Camper.","potentialAction":[{"@type":"SearchAction","target":{"@type":"EntryPoint","urlTemplate":"https:\/\/m2camper.es\/?s={search_term_string}"},"query-input":{"@type":"PropertyValueSpecification","valueRequired":true,"valueName":"search_term_string"}}],"inLanguage":"de"}]}},"_links":{"self":[{"href":"https:\/\/m2camper.es\/de\/wp-json\/wp\/v2\/pages\/11374","targetHints":{"allow":["GET"]}}],"collection":[{"href":"https:\/\/m2camper.es\/de\/wp-json\/wp\/v2\/pages"}],"about":[{"href":"https:\/\/m2camper.es\/de\/wp-json\/wp\/v2\/types\/page"}],"author":[{"embeddable":true,"href":"https:\/\/m2camper.es\/de\/wp-json\/wp\/v2\/users\/5740"}],"replies":[{"embeddable":true,"href":"https:\/\/m2camper.es\/de\/wp-json\/wp\/v2\/comments?post=11374"}],"version-history":[{"count":19,"href":"https:\/\/m2camper.es\/de\/wp-json\/wp\/v2\/pages\/11374\/revisions"}],"predecessor-version":[{"id":11726,"href":"https:\/\/m2camper.es\/de\/wp-json\/wp\/v2\/pages\/11374\/revisions\/11726"}],"wp:attachment":[{"href":"https:\/\/m2camper.es\/de\/wp-json\/wp\/v2\/media?parent=11374"}],"curies":[{"name":"wp","href":"https:\/\/api.w.org\/{rel}","templated":true}]}}